{"id":55,"date":"2022-05-28T05:20:09","date_gmt":"2022-05-28T05:20:09","guid":{"rendered":"http:\/\/themexriver.com\/wp\/quarter\/?page_id=55"},"modified":"2024-11-03T02:55:39","modified_gmt":"2024-11-03T02:55:39","slug":"about","status":"publish","type":"page","link":"https:\/\/inmueblify.com\/index.php\/about\/","title":{"rendered":"About"},"content":{"rendered":"\t\t<div data-elementor-type=\"wp-page\" data-elementor-id=\"55\" class=\"elementor elementor-55\">\n\t\t\t\t\t\t<section class=\"elementor-section elementor-top-section elementor-element elementor-element-5657878 elementor-section-full_width elementor-section-height-default elementor-section-height-default\" data-id=\"5657878\" data-element_type=\"section\">\n\t\t\t\t\t\t<div class=\"elementor-container elementor-column-gap-no\">\n\t\t\t\t\t<div class=\"elementor-column elementor-col-100 elementor-top-column elementor-element elementor-element-82d4b97\" data-id=\"82d4b97\" data-element_type=\"column\">\n\t\t\t<div class=\"elementor-widget-wrap elementor-element-populated\">\n\t\t\t\t\t\t<div class=\"elementor-element elementor-element-5ec3cb1 elementor-widget elementor-widget-clenfix-breadcrumb\" data-id=\"5ec3cb1\" data-element_type=\"widget\" data-widget_type=\"clenfix-breadcrumb.default\">\n\t\t\t\t<div class=\"elementor-widget-container\">\n\t\t\t<div class=\"ltn__breadcrumb-area text-left bg-overlay-white-30 bg_img\"  style=\"background-image: url(http:\/\/themexriver.com\/wp\/quarter\/wp-content\/uploads\/2022\/05\/14-3.jpg)\" >\n\t<div class=\"container\">\n\t\t<div class=\"row\">\n\t\t\t<div class=\"col-lg-12\">\n\t\t\t\t<div class=\"ltn__breadcrumb-inner\">\n\t\t\t\t\t\t\t\t\t\t\t<h2>Nosotros<\/h2>\n\t\t\t\t\t \n\n\t\t\t\t\t<ul class=\"bread-crumb clearfix\"><li class=\"breadcrumb-item\"><a href=\"https:\/\/inmueblify.com\/\">Home &nbsp;<\/a><\/li><li class=\"breadcrumb-item\"><a href=\"https:\/\/inmueblify.com\/index.php\/about\/\">About<\/a><\/li><\/ul>\t\t\t\t\t\n\t\t\t\t<\/div>\n\t\t\t<\/div>\n\t\t<\/div>\n\t<\/div>\n<\/div>\n\n\t\t<\/div>\n\t\t\t\t<\/div>\n\t\t\t\t\t<\/div>\n\t\t<\/div>\n\t\t\t\t\t<\/div>\n\t\t<\/section>\n\t\t\t\t<section class=\"elementor-section elementor-top-section elementor-element elementor-element-1aa9c20 elementor-section-full_width elementor-section-height-default elementor-section-height-default\" data-id=\"1aa9c20\" data-element_type=\"section\">\n\t\t\t\t\t\t<div class=\"elementor-container elementor-column-gap-no\">\n\t\t\t\t\t<div class=\"elementor-column elementor-col-100 elementor-top-column elementor-element elementor-element-16339d8\" data-id=\"16339d8\" data-element_type=\"column\">\n\t\t\t<div class=\"elementor-widget-wrap elementor-element-populated\">\n\t\t\t\t\t\t<div class=\"elementor-element elementor-element-1eb6982 elementor-widget elementor-widget-clenfix-about-us\" data-id=\"1eb6982\" data-element_type=\"widget\" data-widget_type=\"clenfix-about-us.default\">\n\t\t\t\t<div class=\"elementor-widget-container\">\n\t\t\t\n<div class=\"ltn__about-us-area pt-120 pb-90 \">\n        <div class=\"container\">\n            <div class=\"row\">\n                <div class=\"col-lg-6 align-self-center\">\n                    <div class=\"about-us-img-wrap about-img-left\">\n\t\t\t\t\t\t<img fetchpriority=\"high\" decoding=\"async\" width=\"1600\" height=\"1280\" src=\"https:\/\/inmueblify.com\/wp-content\/uploads\/2024\/11\/Mesa-de-trabajo-1-copia-40.png\" class=\"attachment-full size-full\" alt=\"\" srcset=\"https:\/\/inmueblify.com\/wp-content\/uploads\/2024\/11\/Mesa-de-trabajo-1-copia-40.png 1600w, https:\/\/inmueblify.com\/wp-content\/uploads\/2024\/11\/Mesa-de-trabajo-1-copia-40-300x240.png 300w, https:\/\/inmueblify.com\/wp-content\/uploads\/2024\/11\/Mesa-de-trabajo-1-copia-40-1024x819.png 1024w, https:\/\/inmueblify.com\/wp-content\/uploads\/2024\/11\/Mesa-de-trabajo-1-copia-40-768x614.png 768w, https:\/\/inmueblify.com\/wp-content\/uploads\/2024\/11\/Mesa-de-trabajo-1-copia-40-1536x1229.png 1536w\" sizes=\"(max-width: 1600px) 100vw, 1600px\" \/>                        <div class=\"about-us-img-info about-us-img-info-2 about-us-img-info-3\"> \n                            <div class=\"ltn__video-img ltn__animation-pulse1\">\n\t\t\t\t\t\t\t\t                                <a class=\"ltn__video-icon-2 ltn__video-icon-2-border---\" href=\"https:\/\/www.youtube.com\/embed\/X7R-q9rsrtU?autoplay=1&showinfo=0\"  data-rel=\"lightcase:myCollection\">\n                                    <i class=\"fa fa-play\"><\/i>\n                                <\/a> \n                            <\/div>  \n                        <\/div>  \n                    <\/div>       \n                <\/div>     \n                <div class=\"col-lg-6 align-self-center\">  \n                    <div class=\"about-us-info-wrap\">  \n                        <div class=\"section-title-area ltn__section-title-2--- mb-20\">\n                            <h6 class=\"section-subtitle section-subtitle-2 ltn__secondary-color\">Nosotros<\/h6>\n                            <h1 class=\"section-title\"> El mercado l\u00edder en alquiler de bienes ra\u00edces<span>.<\/span><\/h1>\n                            <p>En Inmublify, nos especializamos en hacer que la gesti\u00f3n de tu propiedad sea sencilla y eficiente. Ubicados en el hermoso Canc\u00fan, M\u00e9xico, somos tu aliado perfecto en property management y booking management.<\/p>\n                        <\/div>\n                        <ul class=\"ltn__list-item-half clearfix\">\n                            <li><i class=\"acprs flaticon-secure\"><\/i>Atenci\u00f3n las 24 horas al d\u00eda, los 7 d\u00edas a la semana<\/li><li><i class=\"acprs flaticon-home-2\"><\/i>Dise\u00f1o de acuerdo a su presupuesto<\/li><li><i class=\"acprs flaticon-mountain\"><\/i>Hermosos lugares a tu alcance<\/li><li><i class=\"acprs flaticon-heart\"><\/i>El viaje de tus sue\u00f1os hecho realidad<\/li>                        <\/ul>\n                        <div class=\"ltn__callout bg-overlay-theme-05  mt-30\">\n                            <p>Sabemos que cada propiedad tiene su propia historia. Como tu socio nuestro compromiso es maximizar el potencial de tu propiedad mientras te brindamos tranquilidad.<\/p>\n                        <\/div>\n                        <div class=\"btn-wrapper animated\">\n                            <a href=#   class=\"theme-btn-1 btn btn-effect-1\">Otros Servicios<\/a>\n                        <\/div>\n                    <\/div>\n                <\/div>\n            <\/div>\n        <\/div>\n    <\/div>\t\t<\/div>\n\t\t\t\t<\/div>\n\t\t\t\t<div class=\"elementor-element elementor-element-5d12fb6 elementor-widget elementor-widget-clenfix-services\" data-id=\"5d12fb6\" data-element_type=\"widget\" data-widget_type=\"clenfix-services.default\">\n\t\t\t\t<div class=\"elementor-widget-container\">\n\t\t\t\n\n<div class=\"ltn__feature-area section-bg-1 pt-120 pb-90 mb-120---\">\n    <div class=\"container\">\n        <div class=\"row\">\n            <div class=\"col-lg-12\">\n                <div class=\"section-title-area ltn__section-title-2--- text-center\">\n                    <h6 class=\"section-subtitle section-subtitle-2 ltn__secondary-color\">Nuestros servicios<\/h6>\n                    <h1 class=\"section-title\">Nuestro enfoque principal<\/h1>\n                <\/div>\n            <\/div>\n        <\/div>\n        <div class=\"row ltn__custom-gutter--- justify-content-center\">\n            \n            <div class=\"col-lg-4 col-sm-6 col-12\">\n                <div class=\"ltn__feature-item ltn__feature-item-6 text-center bg-white  box-shadow-1 active\">\n                    <div class=\"ltn__feature-icon\">\n                        <img decoding=\"async\" width=\"185\" height=\"140\" src=\"https:\/\/inmueblify.com\/wp-content\/uploads\/2022\/05\/21-4.png\" class=\"attachment-full size-full\" alt=\"\" \/>\n                    <\/div>\n                    <div class=\"ltn__feature-info\">\n                        <h3><a href=#  >Gesti\u00f3n de Propiedades<\/a><\/h3>\n                        <p>Gesti\u00f3n integral de todas las tareas relacionadas con la administraci\u00f3n de la propiedad.<\/p>\n                        <a class=\"ltn__service-btn\" href=#  >M\u00e1s Info<i class=\"flaticon-right-arrow\"><\/i><\/a>\n                    <\/div>\n                <\/div>\n            <\/div>\n\t\t\n            <div class=\"col-lg-4 col-sm-6 col-12\">\n                <div class=\"ltn__feature-item ltn__feature-item-6 text-center bg-white  box-shadow-1 active\">\n                    <div class=\"ltn__feature-icon\">\n                        <img decoding=\"async\" width=\"185\" height=\"140\" src=\"https:\/\/inmueblify.com\/wp-content\/uploads\/2022\/05\/22-3.png\" class=\"attachment-full size-full\" alt=\"\" \/>\n                    <\/div>\n                    <div class=\"ltn__feature-info\">\n                        <h3><a href=#  >Asesoramiento Inmobiliario<\/a><\/h3>\n                        <p>Servicios de asesor\u00eda para la compra, venta e inversi\u00f3n en propiedades.<\/p>\n                        <a class=\"ltn__service-btn\" href=#  >M\u00e1s Info <i class=\"flaticon-right-arrow\"><\/i><\/a>\n                    <\/div>\n                <\/div>\n            <\/div>\n\t\t\n            <div class=\"col-lg-4 col-sm-6 col-12\">\n                <div class=\"ltn__feature-item ltn__feature-item-6 text-center bg-white  box-shadow-1 active\">\n                    <div class=\"ltn__feature-icon\">\n                        <img loading=\"lazy\" decoding=\"async\" width=\"185\" height=\"140\" src=\"https:\/\/inmueblify.com\/wp-content\/uploads\/2022\/05\/23-2.png\" class=\"attachment-full size-full\" alt=\"\" \/>\n                    <\/div>\n                    <div class=\"ltn__feature-info\">\n                        <h3><a href=#  >Gesti\u00f3n de Reservas<\/a><\/h3>\n                        <p>Gesti\u00f3n de todas las actividades relacionadas con las reservas de la propiedad.<\/p>\n                        <a class=\"ltn__service-btn\" href=#  >M'as Info <i class=\"flaticon-right-arrow\"><\/i><\/a>\n                    <\/div>\n                <\/div>\n            <\/div>\n\t\t        <\/div>\n    <\/div>\n<\/div>\t\t<\/div>\n\t\t\t\t<\/div>\n\t\t\t\t\t<\/div>\n\t\t<\/div>\n\t\t\t\t\t<\/div>\n\t\t<\/section>\n\t\t\t\t<section class=\"elementor-section elementor-top-section elementor-element elementor-element-ff922a6 elementor-section-full_width elementor-section-height-default elementor-section-height-default\" data-id=\"ff922a6\" data-element_type=\"section\">\n\t\t\t\t\t\t<div class=\"elementor-container elementor-column-gap-no\">\n\t\t\t\t\t<div class=\"elementor-column elementor-col-100 elementor-top-column elementor-element elementor-element-b46b56c\" data-id=\"b46b56c\" data-element_type=\"column\">\n\t\t\t<div class=\"elementor-widget-wrap elementor-element-populated\">\n\t\t\t\t\t\t<div class=\"elementor-element elementor-element-fd4d9f6 elementor-widget elementor-widget-clenfix-team-grid\" data-id=\"fd4d9f6\" data-element_type=\"widget\" data-widget_type=\"clenfix-team-grid.default\">\n\t\t\t\t<div class=\"elementor-widget-container\">\n\t\t\t \n <div class=\"ltn__team-area pt-115 pb-90\">\n        <div class=\"container\">\n            <div class=\"row\">\n                <div class=\"col-lg-12\">\n                    <div class=\"section-title-area ltn__section-title-2--- text-center\">\n                        <h6 class=\"section-subtitle section-subtitle-2 ltn__secondary-color\">Nuestro Equipo<\/h6><h1 class=\"section-title\">Agentes inmobiliarios<\/h1>                    <\/div>\n                <\/div>\n            <\/div>\n            <div class=\"row justify-content-center\">\n            \t\n\n\t<div class=\"col-lg-4 col-sm-6\">\n\t\t<div class=\"ltn__team-item ltn__team-item-3---\">\n\t\t\t<div class=\"team-img\">\n\t\t\t\t<img loading=\"lazy\" decoding=\"async\" width=\"600\" height=\"600\" src=\"https:\/\/inmueblify.com\/wp-content\/uploads\/2022\/05\/5-2-2.jpg\" class=\"attachment-full size-full\" alt=\"\" srcset=\"https:\/\/inmueblify.com\/wp-content\/uploads\/2022\/05\/5-2-2.jpg 600w, https:\/\/inmueblify.com\/wp-content\/uploads\/2022\/05\/5-2-2-300x300.jpg 300w, https:\/\/inmueblify.com\/wp-content\/uploads\/2022\/05\/5-2-2-150x150.jpg 150w\" sizes=\"(max-width: 600px) 100vw, 600px\" \/>\n\t\t\t<\/div>\n\t\t\t<div class=\"team-info\">\n\t\t\t\t<h4><a href=http:\/\/themexriver.com\/wp\/quarter\/agent-profile\/  >Rosalina D. William<\/a><\/h4>\n\t\t\t\t<h6 class=\"ltn__secondary-color\">Real Estate Broker<\/h6>\n\t\t\t\t<div class=\"ltn__social-media\">\n\t\t\t\t\t<ul>\n\t\t\t\t\t\t<li><a href=\"#\"><i class=\"fab fa-facebook-f\"><\/i><\/a><\/li>\n\t\t\t\t\t\t<li><a href=\"#\"><i class=\"fab fa-twitter\"><\/i><\/a><\/li>\n\t\t\t\t\t\t<li><a href=\"#\"><i class=\"fab fa-behance\"><\/i><\/a><\/li>\n\t\t\t\t\t<\/ul>\n\t\t\t\t<\/div>\n\t\t\t<\/div>\n\t\t<\/div>\n\t<\/div>\n  \n\n\t<div class=\"col-lg-4 col-sm-6\">\n\t\t<div class=\"ltn__team-item ltn__team-item-3---\">\n\t\t\t<div class=\"team-img\">\n\t\t\t\t<img loading=\"lazy\" decoding=\"async\" width=\"600\" height=\"600\" src=\"https:\/\/inmueblify.com\/wp-content\/uploads\/2022\/05\/4-3-2.jpg\" class=\"attachment-full size-full\" alt=\"\" srcset=\"https:\/\/inmueblify.com\/wp-content\/uploads\/2022\/05\/4-3-2.jpg 600w, https:\/\/inmueblify.com\/wp-content\/uploads\/2022\/05\/4-3-2-300x300.jpg 300w, https:\/\/inmueblify.com\/wp-content\/uploads\/2022\/05\/4-3-2-150x150.jpg 150w\" sizes=\"(max-width: 600px) 100vw, 600px\" \/>\n\t\t\t<\/div>\n\t\t\t<div class=\"team-info\">\n\t\t\t\t<h4><a href=http:\/\/themexriver.com\/wp\/quarter\/agent-profile\/  >Kelian Anderson<\/a><\/h4>\n\t\t\t\t<h6 class=\"ltn__secondary-color\">Selling Agents<\/h6>\n\t\t\t\t<div class=\"ltn__social-media\">\n\t\t\t\t\t<ul>\n\t\t\t\t\t\t<li><a href=\"#\"><i class=\"fab fa-facebook-f\"><\/i><\/a><\/li>\n\t\t\t\t\t\t<li><a href=\"#\"><i class=\"fab fa-twitter\"><\/i><\/a><\/li>\n\t\t\t\t\t\t<li><a href=\"#\"><i class=\"fab fa-behance\"><\/i><\/a><\/li>\n\t\t\t\t\t<\/ul>\n\t\t\t\t<\/div>\n\t\t\t<\/div>\n\t\t<\/div>\n\t<\/div>\n  \n\n\t<div class=\"col-lg-4 col-sm-6\">\n\t\t<div class=\"ltn__team-item ltn__team-item-3---\">\n\t\t\t<div class=\"team-img\">\n\t\t\t\t<img loading=\"lazy\" decoding=\"async\" width=\"600\" height=\"600\" src=\"https:\/\/inmueblify.com\/wp-content\/uploads\/2022\/05\/5-2-2.jpg\" class=\"attachment-full size-full\" alt=\"\" srcset=\"https:\/\/inmueblify.com\/wp-content\/uploads\/2022\/05\/5-2-2.jpg 600w, https:\/\/inmueblify.com\/wp-content\/uploads\/2022\/05\/5-2-2-300x300.jpg 300w, https:\/\/inmueblify.com\/wp-content\/uploads\/2022\/05\/5-2-2-150x150.jpg 150w\" sizes=\"(max-width: 600px) 100vw, 600px\" \/>\n\t\t\t<\/div>\n\t\t\t<div class=\"team-info\">\n\t\t\t\t<h4><a href=http:\/\/themexriver.com\/wp\/quarter\/agent-profile\/  >Miranda H. Halim<\/a><\/h4>\n\t\t\t\t<h6 class=\"ltn__secondary-color\">Real Estate Broker<\/h6>\n\t\t\t\t<div class=\"ltn__social-media\">\n\t\t\t\t\t<ul>\n\t\t\t\t\t\t<li><a href=\"#\"><i class=\"fab fa-facebook-f\"><\/i><\/a><\/li>\n\t\t\t\t\t\t<li><a href=\"#\"><i class=\"fab fa-twitter\"><\/i><\/a><\/li>\n\t\t\t\t\t\t<li><a href=\"#\"><i class=\"fab fa-behance\"><\/i><\/a><\/li>\n\t\t\t\t\t<\/ul>\n\t\t\t\t<\/div>\n\t\t\t<\/div>\n\t\t<\/div>\n\t<\/div>\n              <\/div>\n        <\/div>\n    <\/div>\t\t<\/div>\n\t\t\t\t<\/div>\n\t\t\t\t\t<\/div>\n\t\t<\/div>\n\t\t\t\t\t<\/div>\n\t\t<\/section>\n\t\t\t\t<section class=\"elementor-section elementor-top-section elementor-element elementor-element-d767ca6 elementor-section-full_width elementor-section-height-default elementor-section-height-default\" data-id=\"d767ca6\" data-element_type=\"section\">\n\t\t\t\t\t\t<div class=\"elementor-container elementor-column-gap-no\">\n\t\t\t\t\t<div class=\"elementor-column elementor-col-100 elementor-top-column elementor-element elementor-element-2b1e014\" data-id=\"2b1e014\" data-element_type=\"column\">\n\t\t\t<div class=\"elementor-widget-wrap elementor-element-populated\">\n\t\t\t\t\t\t<div class=\"elementor-element elementor-element-d14a87d elementor-widget elementor-widget-clenfix-testimonial\" data-id=\"d14a87d\" data-element_type=\"widget\" data-widget_type=\"clenfix-testimonial.default\">\n\t\t\t\t<div class=\"elementor-widget-container\">\n\t\t\t\n<div class=\"ltn__testimonial-area section-bg-1--- bg-image-top pt-115 pb-70\" data-bs-bg=\"http:\/\/themexriver.com\/wp\/quarter\/wp-content\/uploads\/2022\/05\/20.jpg\">\n        <div class=\"container\">\n            <div class=\"row\">\n                <div class=\"col-lg-12\">\n                    <div class=\"section-title-area ltn__section-title-2--- text-center\">\n                        <h6 class=\"section-subtitle section-subtitle-2 ltn__secondary-color\">Testimonios<\/h6>\n                        <h1 class=\"section-title\">Clientes Satisfechos<\/h1>\n                    <\/div>\n                <\/div>\n            <\/div>\n            <div class=\"row ltn__testimonial-slider-5-active slick-arrow-1\">\n                \n            <div class=\"col-lg-4\">\n                <div class=\"ltn__testimonial-item ltn__testimonial-item-7\">\n                    <div class=\"ltn__testimoni-info\">\n                        <p><i class=\"flaticon-left-quote-1\"><\/i> \n                        \"\u00a1Incre\u00edble experiencia! Inmueblify hizo que nuestro viaje a la Riviera Maya fuera inolvidable. Todo estuvo perfectamente organizado y los gu\u00edas fueron muy amables.\"<\/p>\n                        <div class=\"ltn__testimoni-info-inner\">\n                            <div class=\"ltn__testimoni-img\">\n                                <img loading=\"lazy\" decoding=\"async\" width=\"200\" height=\"200\" src=\"https:\/\/inmueblify.com\/wp-content\/uploads\/2022\/05\/1-7-2.jpg\" class=\"attachment-full size-full\" alt=\"\" srcset=\"https:\/\/inmueblify.com\/wp-content\/uploads\/2022\/05\/1-7-2.jpg 200w, https:\/\/inmueblify.com\/wp-content\/uploads\/2022\/05\/1-7-2-150x150.jpg 150w\" sizes=\"(max-width: 200px) 100vw, 200px\" \/>\n                            <\/div>\n                            <div class=\"ltn__testimoni-name-designation\">\n                                <h5>Juan Carlos \u00c1lvarez<\/h5>\n                                <label>Agente de Ventas<\/label>\n                            <\/div>\n                        <\/div>\n                    <\/div>\n                <\/div>\n            <\/div>\n\t\t\n            <div class=\"col-lg-4\">\n                <div class=\"ltn__testimonial-item ltn__testimonial-item-7\">\n                    <div class=\"ltn__testimoni-info\">\n                        <p><i class=\"flaticon-left-quote-1\"><\/i> \n                        \"La atenci\u00f3n al cliente fue excepcional. Siempre estuvieron disponibles para resolver nuestras dudas y hacer recomendaciones perfectas.\"<\/p>\n                        <div class=\"ltn__testimoni-info-inner\">\n                            <div class=\"ltn__testimoni-img\">\n                                <img loading=\"lazy\" decoding=\"async\" width=\"200\" height=\"200\" src=\"https:\/\/inmueblify.com\/wp-content\/uploads\/2022\/05\/2-7-2.jpg\" class=\"attachment-full size-full\" alt=\"\" srcset=\"https:\/\/inmueblify.com\/wp-content\/uploads\/2022\/05\/2-7-2.jpg 200w, https:\/\/inmueblify.com\/wp-content\/uploads\/2022\/05\/2-7-2-150x150.jpg 150w\" sizes=\"(max-width: 200px) 100vw, 200px\" \/>\n                            <\/div>\n                            <div class=\"ltn__testimoni-name-designation\">\n                                <h5>Esteban Mondragon<\/h5>\n                                <label>Agente de Ventas<\/label>\n                            <\/div>\n                        <\/div>\n                    <\/div>\n                <\/div>\n            <\/div>\n\t\t\n            <div class=\"col-lg-4\">\n                <div class=\"ltn__testimonial-item ltn__testimonial-item-7\">\n                    <div class=\"ltn__testimoni-info\">\n                        <p><i class=\"flaticon-left-quote-1\"><\/i> \n                         \"Desde el primer contacto, supe que estaba en buenas manos. El equipo de Inmueblify se encarg\u00f3 de cada detalle de nuestro viaje.\"<\/p>\n                        <div class=\"ltn__testimoni-info-inner\">\n                            <div class=\"ltn__testimoni-img\">\n                                <img loading=\"lazy\" decoding=\"async\" width=\"200\" height=\"200\" src=\"https:\/\/inmueblify.com\/wp-content\/uploads\/2022\/05\/3-7-2.jpg\" class=\"attachment-full size-full\" alt=\"\" srcset=\"https:\/\/inmueblify.com\/wp-content\/uploads\/2022\/05\/3-7-2.jpg 200w, https:\/\/inmueblify.com\/wp-content\/uploads\/2022\/05\/3-7-2-150x150.jpg 150w\" sizes=\"(max-width: 200px) 100vw, 200px\" \/>\n                            <\/div>\n                            <div class=\"ltn__testimoni-name-designation\">\n                                <h5>Albert Justin<\/h5>\n                                <label>Agente de Ventas<\/label>\n                            <\/div>\n                        <\/div>\n                    <\/div>\n                <\/div>\n            <\/div>\n\t\t            <\/div>\n        <\/div>\n    <\/div>\t\t<\/div>\n\t\t\t\t<\/div>\n\t\t\t\t\t<\/div>\n\t\t<\/div>\n\t\t\t\t\t<\/div>\n\t\t<\/section>\n\t\t\t\t<section class=\"elementor-section elementor-top-section elementor-element elementor-element-8ea3a92 elementor-section-full_width elementor-section-height-default elementor-section-height-default\" data-id=\"8ea3a92\" data-element_type=\"section\">\n\t\t\t\t\t\t<div class=\"elementor-container elementor-column-gap-no\">\n\t\t\t\t\t<div class=\"elementor-column elementor-col-100 elementor-top-column elementor-element elementor-element-479c8e0\" data-id=\"479c8e0\" data-element_type=\"column\">\n\t\t\t<div class=\"elementor-widget-wrap elementor-element-populated\">\n\t\t\t\t\t\t<div class=\"elementor-element elementor-element-9fe99ca elementor-widget elementor-widget-clenfix-blog_slider\" data-id=\"9fe99ca\" data-element_type=\"widget\" data-widget_type=\"clenfix-blog_slider.default\">\n\t\t\t\t<div class=\"elementor-widget-container\">\n\t\t\t\n<div class=\"ltn__blog-area pt-115--- pb-70\">\n    <div class=\"container\">\n        <div class=\"row\">\n            <div class=\"col-lg-12\">\n                <div class=\"section-title-area ltn__section-title-2--- text-center\">\n                    <h6 class=\"section-subtitle section-subtitle-2 ltn__secondary-color\">Art\u00edculos y Noticias<\/h6>\n                    <h1 class=\"section-title\">Lo M\u00e1s Destacado<\/h1>\n                <\/div>\n            <\/div>\n        <\/div>\n        <div class=\"row  ltn__blog-slider-one-active slick-arrow-1 ltn__blog-item-3-normal\">\n            <!-- Blog Item -->\n                                \n            <!--  -->\n        <\/div>\n    <\/div>\n<\/div>\t\t<\/div>\n\t\t\t\t<\/div>\n\t\t\t\t\t<\/div>\n\t\t<\/div>\n\t\t\t\t\t<\/div>\n\t\t<\/section>\n\t\t\t\t<\/div>\n\t\t","protected":false},"excerpt":{"rendered":"<p>Nosotros Home &nbsp; About Nosotros El mercado l\u00edder en alquiler de bienes ra\u00edces. En Inmublify, nos especializamos en hacer que la gesti\u00f3n de tu propiedad sea sencilla y eficiente. Ubicados en el hermoso Canc\u00fan, M\u00e9xico, somos tu aliado perfecto en property management y booking management. Atenci\u00f3n las 24 horas al d\u00eda, los 7 d\u00edas a<\/p>\n<a class=\"read-more\" href=\"https:\/\/inmueblify.com\/index.php\/about\/\">Read More<\/a>","protected":false},"author":1,"featured_media":0,"parent":0,"menu_order":0,"comment_status":"closed","ping_status":"closed","template":"elementor_header_footer","meta":{"footnotes":""},"class_list":["post-55","page","type-page","status-publish","hentry"],"aioseo_notices":[],"_links":{"self":[{"href":"https:\/\/inmueblify.com\/index.php\/wp-json\/wp\/v2\/pages\/55"}],"collection":[{"href":"https:\/\/inmueblify.com\/index.php\/wp-json\/wp\/v2\/pages"}],"about":[{"href":"https:\/\/inmueblify.com\/index.php\/wp-json\/wp\/v2\/types\/page"}],"author":[{"embeddable":true,"href":"https:\/\/inmueblify.com\/index.php\/wp-json\/wp\/v2\/users\/1"}],"replies":[{"embeddable":true,"href":"https:\/\/inmueblify.com\/index.php\/wp-json\/wp\/v2\/comments?post=55"}],"version-history":[{"count":7,"href":"https:\/\/inmueblify.com\/index.php\/wp-json\/wp\/v2\/pages\/55\/revisions"}],"predecessor-version":[{"id":1548,"href":"https:\/\/inmueblify.com\/index.php\/wp-json\/wp\/v2\/pages\/55\/revisions\/1548"}],"wp:attachment":[{"href":"https:\/\/inmueblify.com\/index.php\/wp-json\/wp\/v2\/media?parent=55"}],"curies":[{"name":"wp","href":"https:\/\/api.w.org\/{rel}","templated":true}]}}