{"id":13,"date":"2022-05-28T04:11:55","date_gmt":"2022-05-28T04:11:55","guid":{"rendered":"http:\/\/themexriver.com\/wp\/quarter\/?page_id=13"},"modified":"2022-05-28T04:11:55","modified_gmt":"2022-05-28T04:11:55","slug":"dashboard","status":"publish","type":"page","link":"https:\/\/inmueblify.com\/index.php\/dashboard\/","title":{"rendered":"Dashboard"},"content":{"rendered":"<div class=\"directorist-login-wrapper directorist-authentication active directorist-w-100\">\n    <div class=\"directorist-container-fluid\">\n        <div class=\"directorist-row\">\n            <div class=\"directorist-col-md-6 directorist-offset-md-3\">\n\t\t\t\t<div class=\"atbdp_login_form_shortcode directorist-authentication__form\">\n\t\t\t\t\t\n\t\t\t\t\t\n\t\t\t\t\t\t\t\t\t\t\t<form action=\"#\" id=\"login\" method=\"POST\">\n\t\t\t\t\t\t\t<p class=\"status\"><\/p>\n\t\t\t\t\t\t\t<div class=\"directorist-form-group directorist-mb-15\">\n\t\t\t\t\t\t\t\t<label for=\"directorist__authentication__signin__username\">Nombre de usuario o correo electr\u00f3nico<\/label>\n\t\t\t\t\t\t\t\t<input type=\"text\" class=\"directorist-form-element\" id=\"username\" name=\"username\" \/>\n\t\t\t\t\t\t\t<\/div>\n\n\t\t\t\t\t\t\t<div class=\"directorist-form-group\">\n\t\t\t\t\t\t\t\t<label for=\"directorist__authentication__signin__password\">Contrase\u00f1a<\/label>\n\t\t\t\t\t\t\t\t<input type=\"password\" id=\"password\" autocomplete=\"off\" name=\"password\" class=\"directorist-form-element\" \/>\n\t\t\t\t\t\t\t<\/div>\n\n\t\t\t\t\t\t\t<div class=\"directorist-authentication__form__actions\">\n\t\t\t\t\t\t\t\t<div class=\"keep_signed directorist-checkbox\">\n\t\t\t\t\t\t\t\t\t\t\t\t\t\t\t\t\t\t\t<input type=\"checkbox\" id=\"directorist_login_keep_signed_in\" value=\"1\" name=\"keep_signed_in\" checked \/>\n\t\t\t\t\t\t\t\t\t\t<label for=\"directorist_login_keep_signed_in\" class=\"directorist-checkbox__label not_empty\">\n\t\t\t\t\t\t\t\t\t\t\tRecu\u00e9rdame\t\t\t\t\t\t\t\t\t\t<\/label>\n\t\t\t\t\t\t\t\t\t\t\t\t\t\t\t\t\t<\/div>\n\n\t\t\t\t\t\t\t\t<a href='' class='atbdp_recovery_pass'> Forgot Password?<\/a>\t\t\t\t\t\t\t<\/div>\n\n\t\t\t\t\t\t\t<div class=\"directorist-form-group atbd_login_btn_wrapper directorist-mb-15 directorist-authentication__form__btn-wrapper\">\n\t\t\t\t\t\t\t\t<button class=\"directorist-btn directorist-btn-block directorist-btn-primary directorist-authentication__form__btn\" type=\"submit\" value=\"Acceder\" name=\"submit\" aria-label=\"Signin Button\">Acceder<\/button>\n\t\t\t\t\t\t\t\t<input type=\"hidden\" id=\"security\" name=\"security\" value=\"d1293cc141\" \/><input type=\"hidden\" name=\"_wp_http_referer\" value=\"\/index.php\/wp-json\/wp\/v2\/pages\/13\" \/>\t\t\t\t\t\t\t<\/div>\n\t\t\t\t\t\t<\/form>\n\n\t\t\t\t\t\t<div class=\"atbd_social_login\">\n\t\t\t\t\t\t\t\t\t\t\t\t\t<\/div>\n\n\t\t\t\t\t\t\t\t\t\t\t\t\t<div class=\"directorist-authentication__form__toggle-area\">\n\t\t\t\t\t\t\t\t\u00bfNo tienes una cuenta?\t\t\t\t\t\t\t\t<button class=\"directorist-authentication__btn directorist-authentication__btn--signup\" aria-label=\"Signup Button\">Reg\u00edstrate<\/button>\n\t\t\t\t\t\t\t<\/div>\n\t\t\t\t\t\t\n\t\t\t\t\t\t\n\t\t\t\t\t\t<div id=\"recover-pass-modal\" class=\"directorist-mt-15 directorist-authentication__form__recover-pass-modal\">\n\t\t\t\t\t\t\t<form method=\"post\">\n\t\t\t\t\t\t\t\t<fieldset class=\"directorist-form-group\">\n\t\t\t\t\t\t\t\t\t<p>\u00bfPerdiste tu contrase\u00f1a? Por favor, introduce tu direcci\u00f3n de correo electr\u00f3nico. Recibir\u00e1s un enlace para crear una nueva contrase\u00f1a por correo electr\u00f3nico.<\/p>\n\t\t\t\t\t\t\t\t\t<label for=\"reset_user_login\">Correo electr\u00f3nico:<\/label>\n\t\t\t\t\t\t\t\t\t<input type=\"text\" class=\"directorist-mb-15 directorist-form-element\" name=\"user_login\" id=\"reset_user_login\" value=\"\" placeholder=\"p.ej. mail@example.com\" required=\"required\" \/>\n\t\t\t\t\t\t\t\t\t<div class=\"directorist-authentication__form__btn-wrapper\">\n\t\t\t\t\t\t\t\t\t\t<input type=\"hidden\" name=\"action\" value=\"reset\" \/>\n\t\t\t\t\t\t\t\t\t\t<button type=\"submit\" class=\"directorist-btn directorist-btn-primary directorist-authentication__form__btn\" id=\"directorist__authentication__submit\" aria-label=\"Recover Password Button\">Obtener una contrase\u00f1a nueva<\/button>\n\t\t\t\t\t\t\t\t\t\t<input type=\"hidden\" value=\"0c35520fec\" name=\"directorist_nonce\">\n\t\t\t\t\t\t\t\t\t<\/div>\n\t\t\t\t\t\t\t\t<\/fieldset>\n\t\t\t\t\t\t\t<\/form>\n\t\t\t\t\t\t<\/div>\n\t\t\t\t\t\t\t\t\t<\/div><!-- \/.atbdp_login_form_shortcode -->\n\t\t\t<\/div>\n\t\t<\/div>\n\t<\/div>\n<\/div>\n\n\n<div class=\"directorist-registration-wrapper directorist-authentication directorist-w-100\">\n\t<div class=\"directorist-container-fluid\">\n\t\t<div class=\"directorist-row\">\n\t\t\t<div class=\"directorist-col-md-6 directorist-offset-md-3\">\n\t\t\t\t<div class=\"directory_register_form_wrap directorist-authentication__form\">\n\t\t\t\t\t<div class=\"add_listing_title atbd_success_mesage directorist-authentication__message\">\n\t\t\t\t\t\t\t\t\t\t\t\t<!--Registration failed, so show notification.-->\n\t\t\t\t\t\t<p style=\"padding: 20px; display:none;\" class=\"alert-danger directorist-register-error\"><i class=\"directorist-icon-mask\" aria-hidden=\"true\" style=\"--directorist-icon: url(https:\/\/inmueblify.com\/wp-content\/plugins\/directorist\/assets\/icons\/line-awesome\/svgs\/exclamation-triangle-solid.svg)\"><\/i><\/p>\n\t\t\t\t\t<\/div>\n\t\t\t\t\t<form action=\"https:\/\/inmueblify.com\/index.php\/dashboard\/\" method=\"post\" class=\"directorist__authentication__signup\">\n\t\t\t\t\t\t<div class=\"directorist-form-group directorist-mb-35\">\n\t\t\t\t\t\t\t<label for=\"directorist__authentication__signup__username\">Nombre de usuario <strong class=\"directorist-form-required\">*<\/strong><\/label>\n\t\t\t\t\t\t\t<input id=\"directorist__authentication__signup__username\" class=\"directorist-form-element\" type=\"text\" name=\"username\" value=\"\" required>\n\t\t\t\t\t\t<\/div>\n\t\t\t\t\t\t<div class=\"directorist-form-group directorist-mb-35\">\n\t\t\t\t\t\t\t<label for=\"directorist__authentication__signup__email\">Correo eletr\u00f3nico <strong class=\"directorist-form-required\">*<\/strong><\/label>\n\t\t\t\t\t\t\t<input id=\"directorist__authentication__signup__email\" class=\"directorist-form-element\" type=\"text\" name=\"email\" value=\"\" required>\n\t\t\t\t\t\t<\/div>\n\t\t\t\t\t\t\t\t\t\t\t\t\t<div class=\"directorist-form-group directorist-mb-35\">\n\t\t\t\t\t\t\t\t<label for=\"directorist__authentication__signup__password\">Contrase\u00f1a<strong class=\"directorist-form-required\">*<\/strong><\/label>\n\t\t\t\t\t\t\t\t<input id=\"directorist__authentication__signup__password\" class=\"directorist-form-element\" type=\"password\" name=\"password\" value=\"\" required>\n\t\t\t\t\t\t\t<\/div>\n\t\t\t\t\t\t\t\t\t\t\t\t\t\t\t\t\t\t\t\t\t\t\t\t\t\t\t\t\t\t\t\t\t\t\t\t\t\t\t\t\t\t\n\t\t\t\t\t\t\t\t\t\t\t\t\t<div class=\"atbd_privacy_policy_area directory_regi_btn directorist-checkbox directorist-mb-20\">\n\t\t\t\t\t\t\t\t<input id=\"directorist__authentication__signup__privacy_policy\" type=\"checkbox\" name=\"privacy_policy\" >\n\t\t\t\t\t\t\t\t<label for=\"directorist__authentication__signup__privacy_policy\" class=\"directorist-checkbox__label\">Estoy de acuerdo con la  <a style=\"color: red\" target=\"_blank\" href=\"https:\/\/inmueblify.com\">Pol\u00edtica de privacidad<\/a> <span class=\"directorist-form-required\">*<\/span><\/label>\n\t\t\t\t\t\t\t<\/div>\n\t\t\t\t\t\t\t\t\t\t\t\t\t\t\t\t\t\t\t<div class=\"atbd_term_and_condition_area directory_regi_btn directorist-checkbox directorist-mb-30\">\n\t\t\t\t\t\t\t\t<input id=\"directorist__authentication__signup__listing_t\" type=\"checkbox\" name=\"t_c_check\" >\n\t\t\t\t\t\t\t\t<label for=\"directorist__authentication__signup__listing_t\" class=\"directorist-checkbox__label\">Estoy de acuerdo con todos\t\t\t\t\t\t\t\t\t<a style=\"color: red\" target=\"_blank\" href=\"https:\/\/inmueblify.com\">t\u00e9rminos y condiciones<\/a> <span class=\"directorist-form-required\">*<\/span><\/label>\n\t\t\t\t\t\t\t<\/div>\n\t\t\t\t\t\t\n\t\t\t\t\t\t\t\t\t\t\t\t<div class=\"directory_regi_btn directorist-mb-15\">\n\t\t\t\t\t\t\t\t\t\t\t\t\t\t<input type=\"hidden\" value=\"0c35520fec\" name=\"directorist_nonce\">\n\t\t\t\t\t\t\t<button type=\"submit\" class=\"directorist-btn directorist-btn-primary directorist-authentication__form__btn\" name=\"atbdp_user_submit\">Reg\u00edstrate<\/button>\n\t\t\t\t\t\t<\/div>\n\t\t\t\t\t\t\t\t\t\t\t\t\t<div class=\"directory_regi_btn directorist-authentication__form__toggle-area\">\n\t\t\t\t\t\t\t\t<p>\u00bfYa tienes una cuenta? Accede. <button class=\"directorist-authentication__btn directorist-authentication__btn--signin\">aqu\u00ed<\/button><\/p>\n\t\t\t\t\t\t\t<\/div>\n\t\t\t\t\t\t\t\t\t\t\t<\/form>\n\t\t\t\t<\/div>\n\t\t\t<\/div>\n\t\t<\/div> <!--ends .row-->\n\t<\/div>\n<\/div>\n","protected":false},"excerpt":{"rendered":"<a class=\"read-more\" href=\"https:\/\/inmueblify.com\/index.php\/dashboard\/\">Read More<\/a>","protected":false},"author":1,"featured_media":0,"parent":0,"menu_order":0,"comment_status":"closed","ping_status":"closed","template":"","meta":{"footnotes":""},"class_list":["post-13","page","type-page","status-publish","hentry"],"aioseo_notices":[],"_links":{"self":[{"href":"https:\/\/inmueblify.com\/index.php\/wp-json\/wp\/v2\/pages\/13"}],"collection":[{"href":"https:\/\/inmueblify.com\/index.php\/wp-json\/wp\/v2\/pages"}],"about":[{"href":"https:\/\/inmueblify.com\/index.php\/wp-json\/wp\/v2\/types\/page"}],"author":[{"embeddable":true,"href":"https:\/\/inmueblify.com\/index.php\/wp-json\/wp\/v2\/users\/1"}],"replies":[{"embeddable":true,"href":"https:\/\/inmueblify.com\/index.php\/wp-json\/wp\/v2\/comments?post=13"}],"version-history":[{"count":0,"href":"https:\/\/inmueblify.com\/index.php\/wp-json\/wp\/v2\/pages\/13\/revisions"}],"wp:attachment":[{"href":"https:\/\/inmueblify.com\/index.php\/wp-json\/wp\/v2\/media?parent=13"}],"curies":[{"name":"wp","href":"https:\/\/api.w.org\/{rel}","templated":true}]}}